{"id":5844,"date":"2025-03-27T13:35:01","date_gmt":"2025-03-27T12:35:01","guid":{"rendered":"https:\/\/mzwikglowno.pl\/?page_id=5844"},"modified":"2025-03-27T13:53:26","modified_gmt":"2025-03-27T12:53:26","slug":"mapa-strony","status":"publish","type":"page","link":"https:\/\/mzwikglowno.pl\/index.php\/mapa-strony\/","title":{"rendered":"Mapa strony"},"content":{"rendered":"\n    <div class=\"menu-container\">\n        <div class=\"menu-section\">\n            <h2>Menu<\/h2>\n            <div class=\"menu-menu-container\"><ul id=\"menu-menu\" class=\"menu\"><li id=\"menu-item-5633\" class=\"menu-item menu-item-type-custom menu-item-object-custom menu-item-home menu-item-5633\"><a href=\"https:\/\/mzwikglowno.pl\">Strona g\u0142\u00f3wna<\/a><\/li>\n<li id=\"menu-item-5494\" class=\"menu-item menu-item-type-post_type menu-item-object-page menu-item-has-children menu-item-5494\"><a href=\"https:\/\/mzwikglowno.pl\/index.php\/o-spolce\/\">O sp\u00f3\u0142ce<\/a>\n<ul class=\"sub-menu\">\n\t<li id=\"menu-item-5495\" class=\"menu-item menu-item-type-post_type menu-item-object-page menu-item-5495\"><a href=\"https:\/\/mzwikglowno.pl\/index.php\/o-spolce\/informacje-podstawowe\/\">Informacje podstawowe<\/a><\/li>\n\t<li id=\"menu-item-5496\" class=\"menu-item menu-item-type-post_type menu-item-object-page menu-item-5496\"><a href=\"https:\/\/mzwikglowno.pl\/index.php\/o-spolce\/dzialalnosc-spolki\/\">Dzia\u0142alno\u015b\u0107 sp\u00f3\u0142ki<\/a><\/li>\n\t<li id=\"menu-item-5497\" class=\"menu-item menu-item-type-post_type menu-item-object-page menu-item-5497\"><a href=\"https:\/\/mzwikglowno.pl\/index.php\/o-spolce\/wladze-spolki\/\">W\u0142adze sp\u00f3\u0142ki<\/a><\/li>\n\t<li id=\"menu-item-5498\" class=\"menu-item menu-item-type-post_type menu-item-object-page menu-item-5498\"><a href=\"https:\/\/mzwikglowno.pl\/index.php\/o-spolce\/adresy-i-telefony-2\/\">Adresy i telefony<\/a><\/li>\n\t<li id=\"menu-item-5499\" class=\"menu-item menu-item-type-post_type menu-item-object-page menu-item-5499\"><a href=\"https:\/\/mzwikglowno.pl\/index.php\/o-spolce\/jak-do-nas-trafic-2\/\">Jak do nas trafi\u0107<\/a><\/li>\n<\/ul>\n<\/li>\n<li id=\"menu-item-5500\" class=\"menu-item menu-item-type-post_type menu-item-object-page menu-item-has-children menu-item-5500\"><a href=\"https:\/\/mzwikglowno.pl\/index.php\/strefa-klienta\/\">Strefa Klienta<\/a>\n<ul class=\"sub-menu\">\n\t<li id=\"menu-item-5501\" class=\"menu-item menu-item-type-post_type menu-item-object-page menu-item-5501\"><a href=\"https:\/\/mzwikglowno.pl\/index.php\/strefa-klienta\/biuro-obslugi-klienta\/\">Biuro obs\u0142ugi klienta<\/a><\/li>\n\t<li id=\"menu-item-5502\" class=\"menu-item menu-item-type-post_type menu-item-object-page menu-item-5502\"><a href=\"https:\/\/mzwikglowno.pl\/index.php\/strefa-klienta\/oplaty\/\">Op\u0142aty<\/a><\/li>\n\t<li id=\"menu-item-5503\" class=\"menu-item menu-item-type-post_type menu-item-object-page menu-item-5503\"><a href=\"https:\/\/mzwikglowno.pl\/index.php\/strefa-klienta\/montaz-podlicznika\/\">Monta\u017c podlicznika<\/a><\/li>\n\t<li id=\"menu-item-5504\" class=\"menu-item menu-item-type-post_type menu-item-object-page menu-item-5504\"><a href=\"https:\/\/mzwikglowno.pl\/index.php\/strefa-klienta\/przylaczenie-do-wodociagu\/\">Przy\u0142\u0105czenie do wodoci\u0105gu<\/a><\/li>\n\t<li id=\"menu-item-5505\" class=\"menu-item menu-item-type-post_type menu-item-object-page menu-item-5505\"><a href=\"https:\/\/mzwikglowno.pl\/index.php\/strefa-klienta\/przylaczenie-do-kanalizacji\/\">Przy\u0142\u0105czenie do kanalizacji<\/a><\/li>\n\t<li id=\"menu-item-5506\" class=\"menu-item menu-item-type-post_type menu-item-object-page menu-item-5506\"><a href=\"https:\/\/mzwikglowno.pl\/index.php\/strefa-klienta\/inkasenci\/\">Inkasenci<\/a><\/li>\n\t<li id=\"menu-item-5507\" class=\"menu-item menu-item-type-post_type menu-item-object-page menu-item-5507\"><a href=\"https:\/\/mzwikglowno.pl\/index.php\/strefa-klienta\/druki-i-formularze\/\">Druki i formularze<\/a><\/li>\n\t<li id=\"menu-item-5508\" class=\"menu-item menu-item-type-post_type menu-item-object-page menu-item-5508\"><a href=\"https:\/\/mzwikglowno.pl\/index.php\/strefa-klienta\/stan-wodomierza\/\">Stan wodomierza<\/a><\/li>\n<\/ul>\n<\/li>\n<li id=\"menu-item-5509\" class=\"menu-item menu-item-type-post_type menu-item-object-page menu-item-5509\"><a href=\"https:\/\/mzwikglowno.pl\/index.php\/uslugi\/\">Us\u0142ugi<\/a><\/li>\n<li id=\"menu-item-5815\" class=\"menu-item menu-item-type-taxonomy menu-item-object-category menu-item-5815\"><a href=\"https:\/\/mzwikglowno.pl\/index.php\/category\/przetargi\/\">Przetargi<\/a><\/li>\n<li id=\"menu-item-5511\" class=\"menu-item menu-item-type-post_type menu-item-object-page menu-item-5511\"><a href=\"https:\/\/mzwikglowno.pl\/index.php\/projekty-ue\/\">Projekty UE<\/a><\/li>\n<li id=\"menu-item-5512\" class=\"menu-item menu-item-type-post_type menu-item-object-page menu-item-5512\"><a href=\"https:\/\/mzwikglowno.pl\/index.php\/kontakt\/\">Kontakt<\/a><\/li>\n<li id=\"menu-item-5513\" class=\"menu-item menu-item-type-post_type menu-item-object-page menu-item-5513\"><a href=\"https:\/\/mzwikglowno.pl\/index.php\/bip\/\">BIP<\/a><\/li>\n<li id=\"menu-item-5514\" class=\"menu-item menu-item-type-post_type menu-item-object-page menu-item-5514\"><a href=\"https:\/\/mzwikglowno.pl\/index.php\/praca\/\">Praca<\/a><\/li>\n<li id=\"menu-item-5515\" class=\"menu-item menu-item-type-post_type menu-item-object-page menu-item-5515\"><a href=\"https:\/\/mzwikglowno.pl\/index.php\/cos\/\">Inne<\/a><\/li>\n<li id=\"menu-item-5516\" class=\"menu-item menu-item-type-post_type menu-item-object-page menu-item-5516\"><a href=\"https:\/\/mzwikglowno.pl\/index.php\/inwestycje\/\">Inwestycje<\/a><\/li>\n<li id=\"menu-item-5517\" class=\"menu-item menu-item-type-post_type menu-item-object-page menu-item-5517\"><a href=\"https:\/\/mzwikglowno.pl\/index.php\/galeria\/\">Galeria<\/a><\/li>\n<li id=\"menu-item-5518\" class=\"menu-item menu-item-type-post_type menu-item-object-page menu-item-5518\"><a href=\"https:\/\/mzwikglowno.pl\/index.php\/rodo-2\/\">Rodo<\/a><\/li>\n<li id=\"menu-item-5850\" class=\"menu-item menu-item-type-post_type menu-item-object-page menu-item-5850\"><a href=\"https:\/\/mzwikglowno.pl\/index.php\/deklaracja-dostepnosci\/\">Deklaracja dost\u0119pno\u015bci<\/a><\/li>\n<li id=\"menu-item-5955\" class=\"menu-item menu-item-type-post_type menu-item-object-page menu-item-5955\"><a href=\"https:\/\/mzwikglowno.pl\/index.php\/dostepnosc\/\">Dost\u0119pno\u015b\u0107<\/a><\/li>\n<li id=\"menu-item-5851\" class=\"menu-item menu-item-type-post_type menu-item-object-page menu-item-5851\"><a href=\"https:\/\/mzwikglowno.pl\/index.php\/mapa-strony\/\">Mapa strony<\/a><\/li>\n<\/ul><\/div>        <\/div>\n    <\/div>\n\n    <style>\n        .menu-container {\n            display: flex;\n            gap: 20px;\n        }\n        .menu-section {\n            flex: 1;\n            padding: 20px;\n            border-radius: 5px;\n        }\n    <\/style>\n\n    \n","protected":false},"excerpt":{"rendered":"","protected":false},"author":1,"featured_media":0,"parent":0,"menu_order":30,"comment_status":"closed","ping_status":"closed","template":"","meta":{"ngg_post_thumbnail":0,"footnotes":""},"class_list":["post-5844","page","type-page","status-publish","hentry"],"jetpack_sharing_enabled":true,"_links":{"self":[{"href":"https:\/\/mzwikglowno.pl\/index.php\/wp-json\/wp\/v2\/pages\/5844","targetHints":{"allow":["GET"]}}],"collection":[{"href":"https:\/\/mzwikglowno.pl\/index.php\/wp-json\/wp\/v2\/pages"}],"about":[{"href":"https:\/\/mzwikglowno.pl\/index.php\/wp-json\/wp\/v2\/types\/page"}],"author":[{"embeddable":true,"href":"https:\/\/mzwikglowno.pl\/index.php\/wp-json\/wp\/v2\/users\/1"}],"replies":[{"embeddable":true,"href":"https:\/\/mzwikglowno.pl\/index.php\/wp-json\/wp\/v2\/comments?post=5844"}],"version-history":[{"count":4,"href":"https:\/\/mzwikglowno.pl\/index.php\/wp-json\/wp\/v2\/pages\/5844\/revisions"}],"predecessor-version":[{"id":5856,"href":"https:\/\/mzwikglowno.pl\/index.php\/wp-json\/wp\/v2\/pages\/5844\/revisions\/5856"}],"wp:attachment":[{"href":"https:\/\/mzwikglowno.pl\/index.php\/wp-json\/wp\/v2\/media?parent=5844"}],"curies":[{"name":"wp","href":"https:\/\/api.w.org\/{rel}","templated":true}]}}